{"id":2644,"date":"2016-07-18T22:31:36","date_gmt":"2016-07-18T20:31:36","guid":{"rendered":"http:\/\/www.sci-zeltlager.de\/?page_id=2644"},"modified":"2025-08-17T22:02:11","modified_gmt":"2025-08-17T20:02:11","slug":"packliste","status":"publish","type":"page","link":"https:\/\/www.sci-zeltlager.de\/wordpress\/?page_id=2644","title":{"rendered":"Packliste"},"content":{"rendered":"<h3>Was sollte mein Kind mit an den Stocksee nehmen? Was auf keinen Fall?<br \/>\nHier erfahrt ihr es:<\/h3>\n<h3><strong>Packliste Zeltlager am Stocksee<\/strong><\/h3>\n<p><strong>Kleidung:<\/strong><\/p>\n<ul style=\"list-style-type: disc;\">\n<li>T-Shirts<\/li>\n<li>Lange und kurze Hosen<\/li>\n<li>Pullover<\/li>\n<li>Regenjacke<\/li>\n<li>Socken<\/li>\n<li>Unterw\u00e4sche<\/li>\n<li>Cappi<\/li>\n<li>Badehose\/Badeanzug<\/li>\n<li>Handt\u00fccher<\/li>\n<li>Schlafanzug<\/li>\n<\/ul>\n<p><strong>Schuhe:<\/strong><\/p>\n<ul style=\"list-style-type: disc;\">\n<li>Sportschuhe<\/li>\n<li>Badelatschen\/Flip Flops<\/li>\n<li>Gummistiefel<\/li>\n<li>Halbschuhe<\/li>\n<\/ul>\n<p><strong>Kulturtasche:<\/strong><\/p>\n<ul style=\"list-style-type: disc;\">\n<li>Zahnb\u00fcrste<\/li>\n<li>Zahnpasta<\/li>\n<li>Shampoo<\/li>\n<li>Duschgel<\/li>\n<li>Deo<\/li>\n<li>Haarb\u00fcrste<\/li>\n<li>Sonnencreme<\/li>\n<\/ul>\n<p><strong>Sonstiges:<\/strong><\/p>\n<ul style=\"list-style-type: disc;\">\n<li>Buch<\/li>\n<li>Federtasche<\/li>\n<li>Kopfh\u00f6rer<\/li>\n<li>MP3-Player, I-Pod<\/li>\n<li>Taschenlampe<\/li>\n<li>W\u00e4schesack (M\u00fcllt\u00fcte)<\/li>\n<\/ul>\n<p><b>Was Zuhause bleibt:<\/b><\/p>\n<ul style=\"list-style-type: disc;\">\n<li>Handy<\/li>\n<li>Nintendo o.\u00c4.<\/li>\n<li>Jegliche Art von Waffen (auch Taschenmesser)<\/li>\n<li>Kaugummis<\/li>\n<li>Feuerzeug<\/li>\n<\/ul>\n<h4>Wir wissen aus Erfahrung: Wer sein Hab und Gut beschriftet, findet Verlorenes viel schneller wieder. Am Ende der Lagerzeit kommt Einiges an Fundsachen zusammen. Also lieber auf nunmal sicher gehen und alles, was geht, beschriften.<\/h4>\n<h4><\/h4>\n<h3><\/h3>\n","protected":false},"excerpt":{"rendered":"<p>Was sollte mein Kind mit an den Stocksee nehmen? Was auf keinen Fall? Hier erfahrt ihr es: Packliste Zeltlager am Stocksee Kleidung: T-Shirts Lange und kurze Hosen Pullover Regenjacke Socken Unterw\u00e4sche Cappi Badehose\/Badeanzug Handt\u00fccher Schlafanzug Schuhe: Sportschuhe Badelatschen\/Flip Flops Gummistiefel Halbschuhe Kulturtasche: Zahnb\u00fcrste Zahnpasta Shampoo Duschgel Deo Haarb\u00fcrste Sonnencreme Sonstiges: Buch Federtasche Kopfh\u00f6rer MP3-Player, I-Pod<a href=\"https:\/\/www.sci-zeltlager.de\/wordpress\/?page_id=2644\">[&#8230;]<\/a><\/p>\n","protected":false},"author":1,"featured_media":0,"parent":80,"menu_order":6,"comment_status":"closed","ping_status":"closed","template":"","meta":{"footnotes":""},"class_list":["post-2644","page","type-page","status-publish","hentry"],"_links":{"self":[{"href":"https:\/\/www.sci-zeltlager.de\/wordpress\/index.php?rest_route=\/wp\/v2\/pages\/2644","targetHints":{"allow":["GET"]}}],"collection":[{"href":"https:\/\/www.sci-zeltlager.de\/wordpress\/index.php?rest_route=\/wp\/v2\/pages"}],"about":[{"href":"https:\/\/www.sci-zeltlager.de\/wordpress\/index.php?rest_route=\/wp\/v2\/types\/page"}],"author":[{"embeddable":true,"href":"https:\/\/www.sci-zeltlager.de\/wordpress\/index.php?rest_route=\/wp\/v2\/users\/1"}],"replies":[{"embeddable":true,"href":"https:\/\/www.sci-zeltlager.de\/wordpress\/index.php?rest_route=%2Fwp%2Fv2%2Fcomments&post=2644"}],"version-history":[{"count":1,"href":"https:\/\/www.sci-zeltlager.de\/wordpress\/index.php?rest_route=\/wp\/v2\/pages\/2644\/revisions"}],"predecessor-version":[{"id":2645,"href":"https:\/\/www.sci-zeltlager.de\/wordpress\/index.php?rest_route=\/wp\/v2\/pages\/2644\/revisions\/2645"}],"up":[{"embeddable":true,"href":"https:\/\/www.sci-zeltlager.de\/wordpress\/index.php?rest_route=\/wp\/v2\/pages\/80"}],"wp:attachment":[{"href":"https:\/\/www.sci-zeltlager.de\/wordpress\/index.php?rest_route=%2Fwp%2Fv2%2Fmedia&parent=2644"}],"curies":[{"name":"wp","href":"https:\/\/api.w.org\/{rel}","templated":true}]}}