{"id":3131,"date":"2017-11-26T09:56:48","date_gmt":"2017-11-26T08:56:48","guid":{"rendered":"http:\/\/www.sci-zeltlager.de\/?page_id=3131"},"modified":"2017-11-26T09:56:48","modified_gmt":"2017-11-26T08:56:48","slug":"aktuelles","status":"publish","type":"page","link":"https:\/\/www.sci-zeltlager.de\/wordpress\/?page_id=3131","title":{"rendered":"Aktuelles"},"content":{"rendered":"<h3>Der &#8222;Club 100&#8220;<\/h3>\n<p>Die Vorbereitungen f\u00fcr das Zeltlager im Sommer laufen das ganze Jahr \u00fcber. Deswegen haben wir schon jetzt einen <a href=\"http:\/\/www.sci-zeltlager.de\/?page_id=3088\" target=\"_blank\">Spenden- und Sponsoringclub<\/a> gegr\u00fcndet, der unserem Team neue Anschaffungen f\u00fcr die Kids und\u00a0zus\u00e4tzliche\u00a0Planungssicherheit erm\u00f6glichen soll. Die ersten Sponsoren und Spender sind schon mit an Bord \u2013 seid dabei und werdet Teil unserer Zeltlager-Familie!<\/p>\n","protected":false},"excerpt":{"rendered":"<p>Der &#8222;Club 100&#8220; Die Vorbereitungen f\u00fcr das Zeltlager im Sommer laufen das ganze Jahr \u00fcber. Deswegen haben wir schon jetzt einen Spenden- und Sponsoringclub gegr\u00fcndet, der unserem Team neue Anschaffungen f\u00fcr die Kids und\u00a0zus\u00e4tzliche\u00a0Planungssicherheit erm\u00f6glichen soll. Die ersten Sponsoren und Spender sind schon mit an Bord \u2013 seid dabei und werdet Teil unserer Zeltlager-Familie!<\/p>\n","protected":false},"author":1,"featured_media":0,"parent":0,"menu_order":0,"comment_status":"closed","ping_status":"closed","template":"template-blog.php","meta":{"footnotes":""},"class_list":["post-3131","page","type-page","status-publish","hentry"],"_links":{"self":[{"href":"https:\/\/www.sci-zeltlager.de\/wordpress\/index.php?rest_route=\/wp\/v2\/pages\/3131","targetHints":{"allow":["GET"]}}],"collection":[{"href":"https:\/\/www.sci-zeltlager.de\/wordpress\/index.php?rest_route=\/wp\/v2\/pages"}],"about":[{"href":"https:\/\/www.sci-zeltlager.de\/wordpress\/index.php?rest_route=\/wp\/v2\/types\/page"}],"author":[{"embeddable":true,"href":"https:\/\/www.sci-zeltlager.de\/wordpress\/index.php?rest_route=\/wp\/v2\/users\/1"}],"replies":[{"embeddable":true,"href":"https:\/\/www.sci-zeltlager.de\/wordpress\/index.php?rest_route=%2Fwp%2Fv2%2Fcomments&post=3131"}],"version-history":[{"count":1,"href":"https:\/\/www.sci-zeltlager.de\/wordpress\/index.php?rest_route=\/wp\/v2\/pages\/3131\/revisions"}],"predecessor-version":[{"id":3132,"href":"https:\/\/www.sci-zeltlager.de\/wordpress\/index.php?rest_route=\/wp\/v2\/pages\/3131\/revisions\/3132"}],"wp:attachment":[{"href":"https:\/\/www.sci-zeltlager.de\/wordpress\/index.php?rest_route=%2Fwp%2Fv2%2Fmedia&parent=3131"}],"curies":[{"name":"wp","href":"https:\/\/api.w.org\/{rel}","templated":true}]}}