{"id":3275,"date":"2021-07-08T19:07:58","date_gmt":"2021-07-08T17:07:58","guid":{"rendered":"http:\/\/www.sci-zeltlager.de\/?page_id=3275"},"modified":"2025-08-17T22:02:41","modified_gmt":"2025-08-17T20:02:41","slug":"packliste","status":"publish","type":"page","link":"https:\/\/www.sci-zeltlager.de\/wordpress\/?page_id=3275","title":{"rendered":"Packliste"},"content":{"rendered":"<p>Was sollte man mit an den Stocksee nehmen? Hier erfahrt ihr es:<\/p>\n<p><strong>Kleidung:<\/strong><\/p>\n<ul>\n<li>T-Shirts<\/li>\n<li>Lange und kurze Hosen<\/li>\n<li>Pullover<\/li>\n<li>Regenjacke<\/li>\n<li>Socken<\/li>\n<li>Unterw\u00e4sche<\/li>\n<li>Cappi<\/li>\n<li>Badehose\/Badeanzug<\/li>\n<li>Handt\u00fccher<\/li>\n<li>Schlafanzug<\/li>\n<\/ul>\n<p><strong>Schuhe:<\/strong><\/p>\n<ul>\n<li>Sportschuhe<\/li>\n<li>Badelatschen\/Flip Flops<\/li>\n<li>Gummistiefel<\/li>\n<li>Halbschuhe<\/li>\n<\/ul>\n<p><strong>Kulturtasche:<\/strong><\/p>\n<ul>\n<li>Zahnb\u00fcrste<\/li>\n<li>Zahnpasta<\/li>\n<li>Shampoo<\/li>\n<li>Duschgel<\/li>\n<li>Deo<\/li>\n<li>Haarb\u00fcrste<\/li>\n<li>Sonnencreme<\/li>\n<\/ul>\n<p><strong>Sonstiges:<\/strong><\/p>\n<ul>\n<li>Beschriftete, wiederbef\u00fcllbare Trinkflasche<\/li>\n<li>Buch<\/li>\n<li>Federtasche<\/li>\n<li>Portemonnaie mit Taschengeld<\/li>\n<li>Kopfh\u00f6rer<\/li>\n<li>MP3-Player, I-Pod<\/li>\n<li>Taschenlampe<\/li>\n<li>W\u00e4schesack (M\u00fcllt\u00fcte)<\/li>\n<li>Spannbettlaken<\/li>\n<li>Wolldecke<\/li>\n<li>Kissen<\/li>\n<li>Schlafsack<\/li>\n<li>Versichertenkarte<\/li>\n<li>Impfausweis<\/li>\n<\/ul>\n<p><b>Was Zuhause bleibt:<\/b><\/p>\n<ul>\n<li>Handy<\/li>\n<li>Nintendo o.\u00c4.<\/li>\n<li>Jegliche Art von Waffen (auch Taschenmesser)<\/li>\n<li>Kaugummis<\/li>\n<li>Zigaretten<\/li>\n<li>Vaporizer und E-Zigaretten<\/li>\n<li>Feuerzeug<\/li>\n<li>Alkohol<\/li>\n<li>Jegliche andere Drogen<\/li>\n<\/ul>\n<h4>Die Kleidung sollte je nach Wetter angepasst werden. Wenn absehbar ist, dass das Wetter abk\u00fchlt, lieber einen dicken Pullover oder Jacke mehr mitgeben. Wir wissen aus Erfahrung: Wer sein Hab und Gut beschriftet, findet Verlorenes viel schneller wieder. Am Ende der Lagerzeit kommt Einiges an Fundsachen zusammen. Also lieber auf nunmal sicher gehen und alles, was geht, beschriften.<\/h4>\n","protected":false},"excerpt":{"rendered":"<p>Was sollte man mit an den Stocksee nehmen? Hier erfahrt ihr es: Kleidung: T-Shirts Lange und kurze Hosen Pullover Regenjacke Socken Unterw\u00e4sche Cappi Badehose\/Badeanzug Handt\u00fccher Schlafanzug Schuhe: Sportschuhe Badelatschen\/Flip Flops Gummistiefel Halbschuhe Kulturtasche: Zahnb\u00fcrste Zahnpasta Shampoo Duschgel Deo Haarb\u00fcrste Sonnencreme Sonstiges: Beschriftete, wiederbef\u00fcllbare Trinkflasche Buch Federtasche Portemonnaie mit Taschengeld Kopfh\u00f6rer MP3-Player, I-Pod Taschenlampe W\u00e4schesack (M\u00fcllt\u00fcte)<a href=\"https:\/\/www.sci-zeltlager.de\/wordpress\/?page_id=3275\">[&#8230;]<\/a><\/p>\n","protected":false},"author":1,"featured_media":0,"parent":0,"menu_order":6,"comment_status":"closed","ping_status":"closed","template":"","meta":{"footnotes":""},"class_list":["post-3275","page","type-page","status-publish","hentry"],"_links":{"self":[{"href":"https:\/\/www.sci-zeltlager.de\/wordpress\/index.php?rest_route=\/wp\/v2\/pages\/3275","targetHints":{"allow":["GET"]}}],"collection":[{"href":"https:\/\/www.sci-zeltlager.de\/wordpress\/index.php?rest_route=\/wp\/v2\/pages"}],"about":[{"href":"https:\/\/www.sci-zeltlager.de\/wordpress\/index.php?rest_route=\/wp\/v2\/types\/page"}],"author":[{"embeddable":true,"href":"https:\/\/www.sci-zeltlager.de\/wordpress\/index.php?rest_route=\/wp\/v2\/users\/1"}],"replies":[{"embeddable":true,"href":"https:\/\/www.sci-zeltlager.de\/wordpress\/index.php?rest_route=%2Fwp%2Fv2%2Fcomments&post=3275"}],"version-history":[{"count":7,"href":"https:\/\/www.sci-zeltlager.de\/wordpress\/index.php?rest_route=\/wp\/v2\/pages\/3275\/revisions"}],"predecessor-version":[{"id":3385,"href":"https:\/\/www.sci-zeltlager.de\/wordpress\/index.php?rest_route=\/wp\/v2\/pages\/3275\/revisions\/3385"}],"wp:attachment":[{"href":"https:\/\/www.sci-zeltlager.de\/wordpress\/index.php?rest_route=%2Fwp%2Fv2%2Fmedia&parent=3275"}],"curies":[{"name":"wp","href":"https:\/\/api.w.org\/{rel}","templated":true}]}}