{"id":3430,"date":"2025-08-17T22:43:44","date_gmt":"2025-08-17T20:43:44","guid":{"rendered":"https:\/\/www.sci-zeltlager.de\/wordpress\/?page_id=3430"},"modified":"2025-08-17T22:43:55","modified_gmt":"2025-08-17T20:43:55","slug":"ein-typischer-stocksee-tag","status":"publish","type":"page","link":"https:\/\/www.sci-zeltlager.de\/wordpress\/?page_id=3430","title":{"rendered":"Ein typischer Stocksee-Tag"},"content":{"rendered":"\n<h3><strong>&#8230; wie k\u00f6nnte der aussehen? Zum Beispiel so:<\/strong><\/h3>\n<p><strong>7:30 Uhr: <\/strong>Wecken<br \/>F\u00fcr das Wecken der Zelte ist das Zelt zust\u00e4ndig, das K\u00fcchendienst hat. Wie weckt man 150 Kinder auf?Der Kreativit\u00e4t sind dabei keine Grenzen gesetzt: Kochtopfmusik, Radio, Charts, Geschreie \u2013 geht alles!<\/p>\n<p><strong>8:00 Uhr: <\/strong>Fr\u00fchst\u00fcck<br \/>Lecker Brot mit? K\u00e4se, Wurst, Marmelade oder nat\u00fcrlich Nutella. Dazu ein frischer Kakao und ab in den Tag.<\/p>\n<p><strong>8:30 Uhr <\/strong>Zelt aufr\u00e4umen<br \/>Nicht jeden Tag, aber ab und zu muss das einfach sein. Soll ja nicht aussehen, als h\u00e4tte eine Bombe eingeschlagen.<\/p>\n<p><strong>9-12 Uhr: <\/strong>Freizeit<br \/>Zeit zum Kanufahren, Fu\u00dfballspielen, Tischtennisspielen, Trampolin springen, baden oder einfach zum Chillen und Quatschen. Vormittags finden oft Sportturniere statt, man kann basteln oder Brettspiele spielen.<\/p>\n<p><strong>12:00 Uhr: <\/strong>Mittagessen<br \/>Hier holen wir uns die St\u00e4rkung f\u00fcr den Nachmittag, beliefert von einem Caterer. Nat\u00fcrlich kann man bei uns auch vegetarisch essen.<\/p>\n<p><strong>12:30 Uhr: <\/strong>Mittagspause<br \/>Nach den ersten Tagen wird euch die Mittagspause heilig sein. Bei so viel Action braucht man einfach einmal am Tag Zeit zum entspannen, schlafen oder Musik h\u00f6ren.<\/p>\n<p><strong>14:00 Uhr: <\/strong>Ein Gro\u00dfevent<br \/>Nochmal schnell in den See springen und danach gehts ab in Wald zur Waldrallye \u2013 oder die Bergfestspiele stehen an, oder die Kr\u00f6nung und Taufe der Betreuer oder eben: Beachdisco, Lagerfeuer, Stocksee-Records und vieles mehr.<\/p>\n<p><strong>15:30 Uhr: <\/strong>Kuchen<br \/>F\u00fcr die Betreuer gibts den wichtigen Kaffee; f\u00fcr alle dazu ein St\u00fcck Kuchen oder frisches Obst. Eine kleine St\u00e4rkung f\u00fcr Zwischendurch.<\/p>\n<p><strong>16-18:30 Uhr: <\/strong>Die Action geht weiter<\/p>\n<p><strong>18:30 Uhr: <\/strong>Abendbrot<br \/>Lecker Brot. Wenn man Gl\u00fcck hat, gibts noch Warmes vom Mittag in der K\u00fcche mit K\u00e4se \u00fcberbacken!<\/p>\n<p><strong>19-21.30 Uhr: <\/strong>Es wird dunkel im Lager und k\u00fchlt ab. Guter Zeitpunkt f\u00fcr Fu\u00dfballspiele gegen die Betreuer.<\/p>\n<p><strong>21:30 Uhr: <\/strong>Die kleinen Zelte machen sich fertig f\u00fcrs Bett. Etwas sp\u00e4ter dann die mittleren und schlie\u00dflich die \u00e4ltesten. Die Zeiten k\u00f6nnen variieren, gern spielen wir auch mal Zu-Bett-Geh-Bingo.<\/p>\n<p><strong>22:00 Uhr: <\/strong>Bettruhe<br \/>Es wird noch leise geschnackt, Pl\u00e4ne geschmiedet, mit den Betreuern geredet.<\/p>\n<p><strong>23:00 Uhr: <\/strong>Nachtruhe<br \/>Absolute Ruhe im Lager. Jede Nacht passen zwei Betreuer auf, dass niemand verr\u00fcckte Sachen in den Nachtstunden unternimmt.<\/p>\n\n\n","protected":false},"excerpt":{"rendered":"<p>&#8230; wie k\u00f6nnte der aussehen? Zum Beispiel so: 7:30 Uhr: WeckenF\u00fcr das Wecken der Zelte ist das Zelt zust\u00e4ndig, das K\u00fcchendienst hat. Wie weckt man 150 Kinder auf?Der Kreativit\u00e4t sind dabei keine Grenzen gesetzt: Kochtopfmusik, Radio, Charts, Geschreie \u2013 geht alles! 8:00 Uhr: Fr\u00fchst\u00fcckLecker Brot mit? K\u00e4se, Wurst, Marmelade oder nat\u00fcrlich Nutella. Dazu ein frischer<a href=\"https:\/\/www.sci-zeltlager.de\/wordpress\/?page_id=3430\">[&#8230;]<\/a><\/p>\n","protected":false},"author":1,"featured_media":0,"parent":0,"menu_order":5,"comment_status":"closed","ping_status":"closed","template":"","meta":{"footnotes":""},"class_list":["post-3430","page","type-page","status-publish","hentry"],"_links":{"self":[{"href":"https:\/\/www.sci-zeltlager.de\/wordpress\/index.php?rest_route=\/wp\/v2\/pages\/3430","targetHints":{"allow":["GET"]}}],"collection":[{"href":"https:\/\/www.sci-zeltlager.de\/wordpress\/index.php?rest_route=\/wp\/v2\/pages"}],"about":[{"href":"https:\/\/www.sci-zeltlager.de\/wordpress\/index.php?rest_route=\/wp\/v2\/types\/page"}],"author":[{"embeddable":true,"href":"https:\/\/www.sci-zeltlager.de\/wordpress\/index.php?rest_route=\/wp\/v2\/users\/1"}],"replies":[{"embeddable":true,"href":"https:\/\/www.sci-zeltlager.de\/wordpress\/index.php?rest_route=%2Fwp%2Fv2%2Fcomments&post=3430"}],"version-history":[{"count":1,"href":"https:\/\/www.sci-zeltlager.de\/wordpress\/index.php?rest_route=\/wp\/v2\/pages\/3430\/revisions"}],"predecessor-version":[{"id":3431,"href":"https:\/\/www.sci-zeltlager.de\/wordpress\/index.php?rest_route=\/wp\/v2\/pages\/3430\/revisions\/3431"}],"wp:attachment":[{"href":"https:\/\/www.sci-zeltlager.de\/wordpress\/index.php?rest_route=%2Fwp%2Fv2%2Fmedia&parent=3430"}],"curies":[{"name":"wp","href":"https:\/\/api.w.org\/{rel}","templated":true}]}}